{"id":2,"date":"2016-05-10T03:48:21","date_gmt":"2016-05-10T03:48:21","guid":{"rendered":"http:\/\/aksahilkonut.com\/?page_id=2"},"modified":"2022-05-10T15:52:20","modified_gmt":"2022-05-10T15:52:20","slug":"sample-page","status":"publish","type":"page","link":"https:\/\/aksahilkonut.com\/?page_id=2","title":{"rendered":"\u0130leti\u015fim"},"content":{"rendered":"<p>Kooparetif irtibat telefonu 0532 465 25 05<\/p>\n<p>Adnan Altuncu<\/p>\n<p>Kooparetifle ilgili bilgi edinmek i\u00e7in yukar\u0131da belirtilen telefon numaras\u0131ndan ula\u015fabilirsiniz<\/p>\n","protected":false},"excerpt":{"rendered":"<p>Kooparetif irtibat telefonu 0532 465 25 05 Adnan Altuncu Kooparetifle ilgili bilgi edinmek i\u00e7in yukar\u0131da belirtilen telefon numaras\u0131ndan ula\u015fabilirsiniz<\/p>\n","protected":false},"author":1,"featured_media":0,"parent":0,"menu_order":0,"comment_status":"closed","ping_status":"open","template":"","meta":{"ngg_post_thumbnail":0},"_links":{"self":[{"href":"https:\/\/aksahilkonut.com\/index.php?rest_route=\/wp\/v2\/pages\/2"}],"collection":[{"href":"https:\/\/aksahilkonut.com\/index.php?rest_route=\/wp\/v2\/pages"}],"about":[{"href":"https:\/\/aksahilkonut.com\/index.php?rest_route=\/wp\/v2\/types\/page"}],"author":[{"embeddable":true,"href":"https:\/\/aksahilkonut.com\/index.php?rest_route=\/wp\/v2\/users\/1"}],"replies":[{"embeddable":true,"href":"https:\/\/aksahilkonut.com\/index.php?rest_route=%2Fwp%2Fv2%2Fcomments&post=2"}],"version-history":[{"count":1,"href":"https:\/\/aksahilkonut.com\/index.php?rest_route=\/wp\/v2\/pages\/2\/revisions"}],"predecessor-version":[{"id":11,"href":"https:\/\/aksahilkonut.com\/index.php?rest_route=\/wp\/v2\/pages\/2\/revisions\/11"}],"wp:attachment":[{"href":"https:\/\/aksahilkonut.com\/index.php?rest_route=%2Fwp%2Fv2%2Fmedia&parent=2"}],"curies":[{"name":"wp","href":"https:\/\/api.w.org\/{rel}","templated":true}]}}